{"id":1917,"date":"2026-01-28T14:20:32","date_gmt":"2026-01-28T13:20:32","guid":{"rendered":"https:\/\/soulac-locations.com\/buchung\/"},"modified":"2026-03-04T10:24:24","modified_gmt":"2026-03-04T09:24:24","slug":"buchung","status":"publish","type":"page","link":"https:\/\/soulac-locations.com\/de\/buchung\/","title":{"rendered":"Buchung"},"content":{"rendered":"\t\t<div data-elementor-type=\"wp-page\" data-elementor-id=\"1917\" class=\"elementor elementor-1917 elementor-684\">\n\t\t\t\t\t\t<section class=\"elementor-section elementor-top-section elementor-element elementor-element-d34a835 elementor-section-height-min-height elementor-section-content-middle elementor-section-stretched elementor-section-boxed elementor-section-height-default elementor-section-items-middle wpr-particle-no wpr-jarallax-no wpr-parallax-no wpr-sticky-section-no\" data-id=\"d34a835\" data-element_type=\"section\" data-e-type=\"section\" data-settings=\"{&quot;background_background&quot;:&quot;classic&quot;,&quot;stretch_section&quot;:&quot;section-stretched&quot;}\">\n\t\t\t\t\t\t\t<div class=\"elementor-background-overlay\"><\/div>\n\t\t\t\t\t\t\t<div class=\"elementor-container elementor-column-gap-default\">\n\t\t\t\t\t<div class=\"elementor-column elementor-col-100 elementor-top-column elementor-element elementor-element-45f53be\" data-id=\"45f53be\" data-element_type=\"column\" data-e-type=\"column\">\n\t\t\t<div class=\"elementor-widget-wrap elementor-element-populated\">\n\t\t\t\t\t\t<div class=\"elementor-element elementor-element-b21c912 elementor-widget elementor-widget-heading\" data-id=\"b21c912\" data-element_type=\"widget\" data-e-type=\"widget\" data-widget_type=\"heading.default\">\n\t\t\t\t\t<h1 class=\"elementor-heading-title elementor-size-default\">Verf\u00fcgbarkeit &amp; Buchung<\/h1>\t\t\t\t<\/div>\n\t\t\t\t\t<\/div>\n\t\t<\/div>\n\t\t\t\t\t<\/div>\n\t\t<\/section>\n\t\t\t\t<section class=\"elementor-section elementor-top-section elementor-element elementor-element-271e840 elementor-section-boxed elementor-section-height-default elementor-section-height-default wpr-particle-no wpr-jarallax-no wpr-parallax-no wpr-sticky-section-no\" data-id=\"271e840\" data-element_type=\"section\" data-e-type=\"section\">\n\t\t\t\t\t\t<div class=\"elementor-container elementor-column-gap-default\">\n\t\t\t\t\t<div class=\"elementor-column elementor-col-100 elementor-top-column elementor-element elementor-element-6414706\" data-id=\"6414706\" data-element_type=\"column\" data-e-type=\"column\">\n\t\t\t<div class=\"elementor-widget-wrap elementor-element-populated\">\n\t\t\t\t\t\t<div class=\"elementor-element elementor-element-73f1172 elementor-widget elementor-widget-heading\" data-id=\"73f1172\" data-element_type=\"widget\" data-e-type=\"widget\" data-widget_type=\"heading.default\">\n\t\t\t\t\t<h2 class=\"elementor-heading-title elementor-size-default\">Welche Unterkunft m\u00f6chten Sie buchen?<\/h2>\t\t\t\t<\/div>\n\t\t\t\t<section class=\"elementor-section elementor-inner-section elementor-element elementor-element-2912f3f elementor-section-boxed elementor-section-height-default elementor-section-height-default wpr-particle-no wpr-jarallax-no wpr-parallax-no wpr-sticky-section-no\" data-id=\"2912f3f\" data-element_type=\"section\" data-e-type=\"section\">\n\t\t\t\t\t\t<div class=\"elementor-container elementor-column-gap-default\">\n\t\t\t\t\t<div class=\"elementor-column elementor-col-20 elementor-inner-column elementor-element elementor-element-5f263f9\" data-id=\"5f263f9\" data-element_type=\"column\" data-e-type=\"column\">\n\t\t\t<div class=\"elementor-widget-wrap elementor-element-populated\">\n\t\t\t\t\t\t<div class=\"elementor-element elementor-element-9ca74a8 elementor-widget elementor-widget-image\" data-id=\"9ca74a8\" data-element_type=\"widget\" data-e-type=\"widget\" data-widget_type=\"image.default\">\n\t\t\t\t\t\t\t\t\t\t\t\t\t\t\t\t<a href=\"https:\/\/soulac-locations.com\/de\/ferienunterkuenfte\/villa-jeanne-darc\/\">\n\t\t\t\t\t\t\t<img decoding=\"async\" width=\"200\" height=\"200\" src=\"https:\/\/soulac-locations.com\/wp-content\/uploads\/2026\/01\/icone-villa.png\" class=\"elementor-animation-float attachment-full size-full wp-image-1918\" alt=\"\" \/>\t\t\t\t\t\t\t\t<\/a>\n\t\t\t\t\t\t\t\t\t\t\t\t\t\t\t<\/div>\n\t\t\t\t<div class=\"elementor-element elementor-element-60eb7cc elementor-widget elementor-widget-heading\" data-id=\"60eb7cc\" data-element_type=\"widget\" data-e-type=\"widget\" data-widget_type=\"heading.default\">\n\t\t\t\t\t<h3 class=\"elementor-heading-title elementor-size-default\"> <span style=\"font-family:'Marck Script';color:#0f4d2c;font-size:36px;letter-spacing:-3px\">\ndie Villa\n<\/span><br>JEANNE D'ARC\n<\/h3>\t\t\t\t<\/div>\n\t\t\t\t<div class=\"elementor-element elementor-element-0167dea elementor-button-default elementor-align-center elementor-widget elementor-widget-button\" data-id=\"0167dea\" data-element_type=\"widget\" data-e-type=\"widget\" data-widget_type=\"button.default\">\n\t\t\t\t\t\t\t\t\t\t<a class=\"elementor-button elementor-button-link elementor-size-sm\" href=\"https:\/\/soulac-locations.com\/de\/ferienunterkuenfte\/villa-jeanne-darc\/\">\n\t\t\t\t\t\t<span class=\"elementor-button-content-wrapper\">\n\t\t\t\t\t\t\t\t\t<span class=\"elementor-button-text\">Buchen \u2192<\/span>\n\t\t\t\t\t<\/span>\n\t\t\t\t\t<\/a>\n\t\t\t\t\t\t\t\t<\/div>\n\t\t\t\t\t<\/div>\n\t\t<\/div>\n\t\t\t\t<div class=\"elementor-column elementor-col-20 elementor-inner-column elementor-element elementor-element-6b946e9\" data-id=\"6b946e9\" data-element_type=\"column\" data-e-type=\"column\">\n\t\t\t<div class=\"elementor-widget-wrap elementor-element-populated\">\n\t\t\t\t\t\t<div class=\"elementor-element elementor-element-d9d6787 elementor-widget elementor-widget-image\" data-id=\"d9d6787\" data-element_type=\"widget\" data-e-type=\"widget\" data-widget_type=\"image.default\">\n\t\t\t\t\t\t\t\t\t\t\t\t\t\t\t\t<a href=\"https:\/\/soulac-locations.com\/de\/ferienunterkuenfte\/das-blaue-haus\/\">\n\t\t\t\t\t\t\t<img decoding=\"async\" width=\"200\" height=\"200\" src=\"https:\/\/soulac-locations.com\/wp-content\/uploads\/2026\/01\/icone-maison.png\" class=\"elementor-animation-float attachment-large size-large wp-image-1919\" alt=\"\" srcset=\"https:\/\/soulac-locations.com\/wp-content\/uploads\/2026\/01\/icone-maison.png 200w, https:\/\/soulac-locations.com\/wp-content\/uploads\/2026\/01\/icone-maison-150x150.png 150w\" sizes=\"(max-width: 200px) 100vw, 200px\" \/>\t\t\t\t\t\t\t\t<\/a>\n\t\t\t\t\t\t\t\t\t\t\t\t\t\t\t<\/div>\n\t\t\t\t<div class=\"elementor-element elementor-element-411449e elementor-widget elementor-widget-heading\" data-id=\"411449e\" data-element_type=\"widget\" data-e-type=\"widget\" data-widget_type=\"heading.default\">\n\t\t\t\t\t<h3 class=\"elementor-heading-title elementor-size-default\"><span style=\"font-family:'Marck Script';color:#0a2a43;font-size:36px;letter-spacing:-3px\">\ndas Haus\n<\/span><br>BLEUE<\/h3>\t\t\t\t<\/div>\n\t\t\t\t<div class=\"elementor-element elementor-element-1c4d65a elementor-button-default elementor-align-center elementor-widget elementor-widget-button\" data-id=\"1c4d65a\" data-element_type=\"widget\" data-e-type=\"widget\" data-widget_type=\"button.default\">\n\t\t\t\t\t\t\t\t\t\t<a class=\"elementor-button elementor-button-link elementor-size-sm\" href=\"https:\/\/soulac-locations.com\/de\/ferienunterkuenfte\/das-blaue-haus\/\">\n\t\t\t\t\t\t<span class=\"elementor-button-content-wrapper\">\n\t\t\t\t\t\t\t\t\t<span class=\"elementor-button-text\">Buchen \u2192<\/span>\n\t\t\t\t\t<\/span>\n\t\t\t\t\t<\/a>\n\t\t\t\t\t\t\t\t<\/div>\n\t\t\t\t\t<\/div>\n\t\t<\/div>\n\t\t\t\t<div class=\"elementor-column elementor-col-20 elementor-inner-column elementor-element elementor-element-8258c13\" data-id=\"8258c13\" data-element_type=\"column\" data-e-type=\"column\">\n\t\t\t<div class=\"elementor-widget-wrap elementor-element-populated\">\n\t\t\t\t\t\t<div class=\"elementor-element elementor-element-64f4663 elementor-widget elementor-widget-image\" data-id=\"64f4663\" data-element_type=\"widget\" data-e-type=\"widget\" data-widget_type=\"image.default\">\n\t\t\t\t\t\t\t\t\t\t\t\t\t\t\t\t<a href=\"https:\/\/soulac-locations.com\/de\/ferienunterkuenfte\/das-apartment\/\">\n\t\t\t\t\t\t\t<img decoding=\"async\" width=\"200\" height=\"200\" src=\"https:\/\/soulac-locations.com\/wp-content\/uploads\/2026\/01\/icone-appt.png\" class=\"elementor-animation-float attachment-large size-large wp-image-1920\" alt=\"\" srcset=\"https:\/\/soulac-locations.com\/wp-content\/uploads\/2026\/01\/icone-appt.png 200w, https:\/\/soulac-locations.com\/wp-content\/uploads\/2026\/01\/icone-appt-150x150.png 150w\" sizes=\"(max-width: 200px) 100vw, 200px\" \/>\t\t\t\t\t\t\t\t<\/a>\n\t\t\t\t\t\t\t\t\t\t\t\t\t\t\t<\/div>\n\t\t\t\t<div class=\"elementor-element elementor-element-df7391d elementor-widget elementor-widget-heading\" data-id=\"df7391d\" data-element_type=\"widget\" data-e-type=\"widget\" data-widget_type=\"heading.default\">\n\t\t\t\t\t<h3 class=\"elementor-heading-title elementor-size-default\"><span style=\"font-family:'Marck Script';color:#f6bd68;font-size:36px\">\ndas<\/span>\nAPARTMENT<\/h3>\t\t\t\t<\/div>\n\t\t\t\t<div class=\"elementor-element elementor-element-04eb1a1 elementor-button-default elementor-align-center elementor-widget elementor-widget-button\" data-id=\"04eb1a1\" data-element_type=\"widget\" data-e-type=\"widget\" data-widget_type=\"button.default\">\n\t\t\t\t\t\t\t\t\t\t<a class=\"elementor-button elementor-button-link elementor-size-sm\" href=\"https:\/\/soulac-locations.com\/de\/ferienunterkuenfte\/das-apartment\/\">\n\t\t\t\t\t\t<span class=\"elementor-button-content-wrapper\">\n\t\t\t\t\t\t\t\t\t<span class=\"elementor-button-text\">Buchen \u2192<\/span>\n\t\t\t\t\t<\/span>\n\t\t\t\t\t<\/a>\n\t\t\t\t\t\t\t\t<\/div>\n\t\t\t\t\t<\/div>\n\t\t<\/div>\n\t\t\t\t<div class=\"elementor-column elementor-col-20 elementor-inner-column elementor-element elementor-element-7a91df3\" data-id=\"7a91df3\" data-element_type=\"column\" data-e-type=\"column\">\n\t\t\t<div class=\"elementor-widget-wrap elementor-element-populated\">\n\t\t\t\t\t\t<div class=\"elementor-element elementor-element-5a280c7 elementor-widget elementor-widget-image\" data-id=\"5a280c7\" data-element_type=\"widget\" data-e-type=\"widget\" data-widget_type=\"image.default\">\n\t\t\t\t\t\t\t\t\t\t\t\t\t\t\t\t<a href=\"https:\/\/soulac-locations.com\/de\/ferienunterkuenfte\/le-clos-des-soulacaises\/\" target=\"_blank\">\n\t\t\t\t\t\t\t<img loading=\"lazy\" decoding=\"async\" width=\"200\" height=\"200\" src=\"https:\/\/soulac-locations.com\/wp-content\/uploads\/2026\/01\/icone-soulacaise.png\" class=\"elementor-animation-float attachment-large size-large wp-image-1921\" alt=\"\" \/>\t\t\t\t\t\t\t\t<\/a>\n\t\t\t\t\t\t\t\t\t\t\t\t\t\t\t<\/div>\n\t\t\t\t<div class=\"elementor-element elementor-element-9c7b921 elementor-widget elementor-widget-heading\" data-id=\"9c7b921\" data-element_type=\"widget\" data-e-type=\"widget\" data-widget_type=\"heading.default\">\n\t\t\t\t\t<h3 class=\"elementor-heading-title elementor-size-default\"><span style=\"font-family:'Marck Script';color:#B8420F;font-size:36px;letter-spacing:-3px\">\nder Clos des\n<\/span><br>SOULACAISES<\/h3>\t\t\t\t<\/div>\n\t\t\t\t<div class=\"elementor-element elementor-element-d5f05a3 elementor-button-default elementor-align-center elementor-widget elementor-widget-button\" data-id=\"d5f05a3\" data-element_type=\"widget\" data-e-type=\"widget\" data-widget_type=\"button.default\">\n\t\t\t\t\t\t\t\t\t\t<a class=\"elementor-button elementor-button-link elementor-size-sm\" href=\"https:\/\/soulac-locations.com\/de\/ferienunterkuenfte\/le-clos-des-soulacaises\/\">\n\t\t\t\t\t\t<span class=\"elementor-button-content-wrapper\">\n\t\t\t\t\t\t\t\t\t<span class=\"elementor-button-text\">Buchen \u2192<\/span>\n\t\t\t\t\t<\/span>\n\t\t\t\t\t<\/a>\n\t\t\t\t\t\t\t\t<\/div>\n\t\t\t\t\t<\/div>\n\t\t<\/div>\n\t\t\t\t<div class=\"elementor-column elementor-col-20 elementor-inner-column elementor-element elementor-element-1f0a8bb\" data-id=\"1f0a8bb\" data-element_type=\"column\" data-e-type=\"column\">\n\t\t\t<div class=\"elementor-widget-wrap elementor-element-populated\">\n\t\t\t\t\t\t<div class=\"elementor-element elementor-element-db6425b elementor-widget elementor-widget-image\" data-id=\"db6425b\" data-element_type=\"widget\" data-e-type=\"widget\" data-widget_type=\"image.default\">\n\t\t\t\t\t\t\t\t\t\t\t\t\t\t\t\t<a href=\"https:\/\/www.hotelmichelet.fr\/\" target=\"_blank\">\n\t\t\t\t\t\t\t<img loading=\"lazy\" decoding=\"async\" width=\"282\" height=\"357\" src=\"https:\/\/soulac-locations.com\/wp-content\/uploads\/2026\/01\/logo-michelet-soulac-plage.png\" class=\"elementor-animation-float attachment-large size-large wp-image-1922\" alt=\"\" \/>\t\t\t\t\t\t\t\t<\/a>\n\t\t\t\t\t\t\t\t\t\t\t\t\t\t\t<\/div>\n\t\t\t\t<div class=\"elementor-element elementor-element-3e4043d elementor-widget elementor-widget-heading\" data-id=\"3e4043d\" data-element_type=\"widget\" data-e-type=\"widget\" data-widget_type=\"heading.default\">\n\t\t\t\t\t<h3 class=\"elementor-heading-title elementor-size-default\"><span style=\"font-family:'Marck Script';color:#e1712a;font-size:36px\">\ndas Hotel\n<\/span><br>MICHELET Plage**<\/h3>\t\t\t\t<\/div>\n\t\t\t\t<div class=\"elementor-element elementor-element-3a8e00d elementor-button-default elementor-align-center elementor-widget elementor-widget-button\" data-id=\"3a8e00d\" data-element_type=\"widget\" data-e-type=\"widget\" data-widget_type=\"button.default\">\n\t\t\t\t\t\t\t\t\t\t<a class=\"elementor-button elementor-button-link elementor-size-sm\" href=\"https:\/\/www.hotelmichelet.fr\/\" target=\"_blank\">\n\t\t\t\t\t\t<span class=\"elementor-button-content-wrapper\">\n\t\t\t\t\t\t\t\t\t<span class=\"elementor-button-text\">Buchen \u2192<\/span>\n\t\t\t\t\t<\/span>\n\t\t\t\t\t<\/a>\n\t\t\t\t\t\t\t\t<\/div>\n\t\t\t\t\t<\/div>\n\t\t<\/div>\n\t\t\t\t\t<\/div>\n\t\t<\/section>\n\t\t\t\t\t<\/div>\n\t\t<\/div>\n\t\t\t\t\t<\/div>\n\t\t<\/section>\n\t\t\t\t<\/div>\n\t\t","protected":false},"excerpt":{"rendered":"<p>Verf\u00fcgbarkeit &amp; Buchung Welche Unterkunft m\u00f6chten Sie buchen? die Villa JEANNE D&#8217;ARC Buchen \u2192 das Haus BLEUE Buchen \u2192 das APARTMENT Buchen \u2192 der Clos des SOULACAISES Buchen \u2192 das Hotel MICHELET Plage** Buchen \u2192<\/p>\n","protected":false},"author":1,"featured_media":0,"parent":0,"menu_order":0,"comment_status":"closed","ping_status":"closed","template":"","meta":{"footnotes":""},"class_list":["post-1917","page","type-page","status-publish","hentry"],"yoast_head":"<!-- This site is optimized with the Yoast SEO plugin v27.1.1 - https:\/\/yoast.com\/product\/yoast-seo-wordpress\/ -->\n<title>Buchung Ferienunterkunft Soulac-sur-Mer | Soulac Locations<\/title>\n<meta name=\"description\" content=\"Buchen Sie Ihre Ferienunterkunft in Soulac-sur-Mer direkt. \u00dcberpr\u00fcfen Sie online die Verf\u00fcgbarkeit unserer Villen, H\u00e4user, Bungalows und Apartments.\" \/>\n<meta name=\"robots\" content=\"index, follow, max-snippet:-1, max-image-preview:large, max-video-preview:-1\" \/>\n<link rel=\"canonical\" href=\"https:\/\/soulac-locations.com\/de\/buchung\/\" \/>\n<meta property=\"og:locale\" content=\"de_DE\" \/>\n<meta property=\"og:type\" content=\"article\" \/>\n<meta property=\"og:title\" content=\"Buchung Ferienunterkunft Soulac-sur-Mer | Soulac Locations\" \/>\n<meta property=\"og:description\" content=\"Buchen Sie Ihre Ferienunterkunft in Soulac-sur-Mer direkt. \u00dcberpr\u00fcfen Sie online die Verf\u00fcgbarkeit unserer Villen, H\u00e4user, Bungalows und Apartments.\" \/>\n<meta property=\"og:url\" content=\"https:\/\/soulac-locations.com\/de\/buchung\/\" \/>\n<meta property=\"og:site_name\" content=\"Soulac Locations\" \/>\n<meta property=\"article:modified_time\" content=\"2026-03-04T09:24:24+00:00\" \/>\n<meta property=\"og:image\" content=\"https:\/\/soulac-locations.com\/wp-content\/uploads\/2026\/01\/icone-villa.png\" \/>\n\t<meta property=\"og:image:width\" content=\"200\" \/>\n\t<meta property=\"og:image:height\" content=\"200\" \/>\n\t<meta property=\"og:image:type\" content=\"image\/png\" \/>\n<meta name=\"twitter:card\" content=\"summary_large_image\" \/>\n<!-- \/ Yoast SEO plugin. -->","yoast_head_json":{"title":"Buchung Ferienunterkunft Soulac-sur-Mer | Soulac Locations","description":"Buchen Sie Ihre Ferienunterkunft in Soulac-sur-Mer direkt. \u00dcberpr\u00fcfen Sie online die Verf\u00fcgbarkeit unserer Villen, H\u00e4user, Bungalows und Apartments.","robots":{"index":"index","follow":"follow","max-snippet":"max-snippet:-1","max-image-preview":"max-image-preview:large","max-video-preview":"max-video-preview:-1"},"canonical":"https:\/\/soulac-locations.com\/de\/buchung\/","og_locale":"de_DE","og_type":"article","og_title":"Buchung Ferienunterkunft Soulac-sur-Mer | Soulac Locations","og_description":"Buchen Sie Ihre Ferienunterkunft in Soulac-sur-Mer direkt. \u00dcberpr\u00fcfen Sie online die Verf\u00fcgbarkeit unserer Villen, H\u00e4user, Bungalows und Apartments.","og_url":"https:\/\/soulac-locations.com\/de\/buchung\/","og_site_name":"Soulac Locations","article_modified_time":"2026-03-04T09:24:24+00:00","og_image":[{"width":200,"height":200,"url":"https:\/\/soulac-locations.com\/wp-content\/uploads\/2026\/01\/icone-villa.png","type":"image\/png"}],"twitter_card":"summary_large_image","schema":{"@context":"https:\/\/schema.org","@graph":[{"@type":"WebPage","@id":"https:\/\/soulac-locations.com\/de\/buchung\/","url":"https:\/\/soulac-locations.com\/de\/buchung\/","name":"Buchung Ferienunterkunft Soulac-sur-Mer | Soulac Locations","isPartOf":{"@id":"https:\/\/soulac-locations.com\/de\/#website"},"primaryImageOfPage":{"@id":"https:\/\/soulac-locations.com\/de\/buchung\/#primaryimage"},"image":{"@id":"https:\/\/soulac-locations.com\/de\/buchung\/#primaryimage"},"thumbnailUrl":"https:\/\/soulac-locations.com\/wp-content\/uploads\/2026\/01\/icone-villa.png","datePublished":"2026-01-28T13:20:32+00:00","dateModified":"2026-03-04T09:24:24+00:00","description":"Buchen Sie Ihre Ferienunterkunft in Soulac-sur-Mer direkt. \u00dcberpr\u00fcfen Sie online die Verf\u00fcgbarkeit unserer Villen, H\u00e4user, Bungalows und Apartments.","breadcrumb":{"@id":"https:\/\/soulac-locations.com\/de\/buchung\/#breadcrumb"},"inLanguage":"de","potentialAction":[{"@type":"ReadAction","target":["https:\/\/soulac-locations.com\/de\/buchung\/"]}]},{"@type":"ImageObject","inLanguage":"de","@id":"https:\/\/soulac-locations.com\/de\/buchung\/#primaryimage","url":"https:\/\/soulac-locations.com\/wp-content\/uploads\/2026\/01\/icone-villa.png","contentUrl":"https:\/\/soulac-locations.com\/wp-content\/uploads\/2026\/01\/icone-villa.png"},{"@type":"BreadcrumbList","@id":"https:\/\/soulac-locations.com\/de\/buchung\/#breadcrumb","itemListElement":[{"@type":"ListItem","position":1,"name":"Accueil","item":"https:\/\/soulac-locations.com\/de\/"},{"@type":"ListItem","position":2,"name":"Buchung"}]},{"@type":"WebSite","@id":"https:\/\/soulac-locations.com\/de\/#website","url":"https:\/\/soulac-locations.com\/de\/","name":"Soulac Locations","description":"","publisher":{"@id":"https:\/\/soulac-locations.com\/de\/#organization"},"potentialAction":[{"@type":"SearchAction","target":{"@type":"EntryPoint","urlTemplate":"https:\/\/soulac-locations.com\/de\/?s={search_term_string}"},"query-input":{"@type":"PropertyValueSpecification","valueRequired":true,"valueName":"search_term_string"}}],"inLanguage":"de"},{"@type":"Organization","@id":"https:\/\/soulac-locations.com\/de\/#organization","name":"Soulac Locations","url":"https:\/\/soulac-locations.com\/de\/","logo":{"@type":"ImageObject","inLanguage":"de","@id":"https:\/\/soulac-locations.com\/de\/#\/schema\/logo\/image\/","url":"https:\/\/soulac-locations.com\/wp-content\/uploads\/2025\/12\/logos-sl.png","contentUrl":"https:\/\/soulac-locations.com\/wp-content\/uploads\/2025\/12\/logos-sl.png","width":500,"height":250,"caption":"Soulac Locations"},"image":{"@id":"https:\/\/soulac-locations.com\/de\/#\/schema\/logo\/image\/"}}]}},"_links":{"self":[{"href":"https:\/\/soulac-locations.com\/de\/wp-json\/wp\/v2\/pages\/1917","targetHints":{"allow":["GET"]}}],"collection":[{"href":"https:\/\/soulac-locations.com\/de\/wp-json\/wp\/v2\/pages"}],"about":[{"href":"https:\/\/soulac-locations.com\/de\/wp-json\/wp\/v2\/types\/page"}],"author":[{"embeddable":true,"href":"https:\/\/soulac-locations.com\/de\/wp-json\/wp\/v2\/users\/1"}],"replies":[{"embeddable":true,"href":"https:\/\/soulac-locations.com\/de\/wp-json\/wp\/v2\/comments?post=1917"}],"version-history":[{"count":5,"href":"https:\/\/soulac-locations.com\/de\/wp-json\/wp\/v2\/pages\/1917\/revisions"}],"predecessor-version":[{"id":2289,"href":"https:\/\/soulac-locations.com\/de\/wp-json\/wp\/v2\/pages\/1917\/revisions\/2289"}],"wp:attachment":[{"href":"https:\/\/soulac-locations.com\/de\/wp-json\/wp\/v2\/media?parent=1917"}],"curies":[{"name":"wp","href":"https:\/\/api.w.org\/{rel}","templated":true}]}}